{"id":2822,"date":"2025-01-14T17:45:24","date_gmt":"2025-01-14T16:45:24","guid":{"rendered":"https:\/\/www.fatra-extruze.cz\/produkty\/folie-a-desky-z-pe-pp-ps-tpo\/"},"modified":"2026-03-05T18:25:49","modified_gmt":"2026-03-05T17:25:49","slug":"pe-pp-tpo-folien-und-platten","status":"publish","type":"product","link":"https:\/\/www.fatra-extruze.cz\/de\/produkty\/pe-pp-tpo-folien-und-platten\/","title":{"rendered":"PE\/PP\/TPO-Folien und -Platten"},"content":{"rendered":"\n<h4 class=\"wp-block-cgb-block-ftr-product-heading product-block-title\">abmessungen<\/h4>\n\n\n\n<figure class=\"wp-block-table is-style-stripes\"><table class=\"has-white-background-color has-background\"><thead><tr><th>Material<\/th><th class=\"has-text-align-center\" data-align=\"center\"><strong><strong>St\u00e4rke<\/strong><\/strong><br>(mm)<\/th><th class=\"has-text-align-center\" data-align=\"center\">ROLLE<br> Breite<br>(mm)<\/th><th class=\"has-text-align-center\" data-align=\"center\"><strong><strong>ZUSCHNITTE<\/strong><\/strong><br>Max. Gr\u00f6\u00dfe<br>(mm)<\/th><\/tr><\/thead><tbody><tr><td>LDPE<\/td><td class=\"has-text-align-center\" data-align=\"center\">0,5 &#8211; 3,0<\/td><td class=\"has-text-align-center\" data-align=\"center\">150 &#8211; 1&nbsp;500<\/td><td class=\"has-text-align-center\" data-align=\"center\">1&nbsp;500 x 3&nbsp;000<\/td><\/tr><tr><td>HDPE<\/td><td class=\"has-text-align-center\" data-align=\"center\">0,5 &#8211; 2,5<\/td><td class=\"has-text-align-center\" data-align=\"center\">150 &#8211; 1&nbsp;500<\/td><td class=\"has-text-align-center\" data-align=\"center\">1&nbsp;500 x 3&nbsp;000<\/td><\/tr><tr><td>PP<\/td><td class=\"has-text-align-center\" data-align=\"center\">0,5 &#8211; 2,0<\/td><td class=\"has-text-align-center\" data-align=\"center\">150 &#8211; 1&nbsp;500<\/td><td class=\"has-text-align-center\" data-align=\"center\">1&nbsp;500 x 3&nbsp;000<\/td><\/tr><tr><td>TPO<\/td><td class=\"has-text-align-center\" data-align=\"center\">0,5 &#8211; 2,5<\/td><td class=\"has-text-align-center\" data-align=\"center\">150 &#8211; 1&nbsp;500<\/td><td class=\"has-text-align-center\" data-align=\"center\">1&nbsp;500 x 3&nbsp;000<\/td><\/tr><\/tbody><\/table><\/figure>\n\n\n\n<hr class=\"wp-block-cgb-block-ftr-product-section-line ftr-product-block-separator\" \/>\n\n\n\n<h4 class=\"wp-block-cgb-block-ftr-product-heading product-block-title\">Applikation<\/h4>\n\n\n\n<figure class=\"wp-block-table is-style-stripes\"><table class=\"has-background\" style=\"background-color:#e9eaea\"><thead><tr><th class=\"has-text-align-left\" data-align=\"left\"><em><strong><strong><em>Applikation<\/em><\/strong><\/strong><\/em><\/th><th><\/th><\/tr><\/thead><tbody><tr><td class=\"has-text-align-left\" data-align=\"left\">Halbzeuge f\u00fcr die Thermo- und Vakuumformung<\/td><td><img loading=\"lazy\" decoding=\"async\" width=\"800\" height=\"600\" class=\"wp-image-1874\" style=\"width: 250px\" src=\"https:\/\/www.fatra-extruze.cz\/wp-content\/uploads\/sites\/5\/2022\/06\/Fatra-PE-desky.jpg\" alt=\"\" srcset=\"https:\/\/www.fatra-extruze.cz\/wp-content\/uploads\/sites\/5\/2022\/06\/Fatra-PE-desky.jpg 800w, https:\/\/www.fatra-extruze.cz\/wp-content\/uploads\/sites\/5\/2022\/06\/Fatra-PE-desky-300x225.jpg 300w, https:\/\/www.fatra-extruze.cz\/wp-content\/uploads\/sites\/5\/2022\/06\/Fatra-PE-desky-768x576.jpg 768w, https:\/\/www.fatra-extruze.cz\/wp-content\/uploads\/sites\/5\/2022\/06\/Fatra-PE-desky-733x550.jpg 733w, https:\/\/www.fatra-extruze.cz\/wp-content\/uploads\/sites\/5\/2022\/06\/Fatra-PE-desky-400x300.jpg 400w\" sizes=\"auto, (max-width: 800px) 100vw, 800px\" \/><\/td><\/tr><tr><td class=\"has-text-align-left\" data-align=\"left\">Spritzlappen, Dichtungen&nbsp;(PE)<\/td><td><img loading=\"lazy\" decoding=\"async\" width=\"800\" height=\"533\" class=\"wp-image-1877\" style=\"width: 250px\" src=\"https:\/\/www.fatra-extruze.cz\/wp-content\/uploads\/sites\/5\/2022\/06\/Fatra-PE-folie-autozasterka.jpg\" alt=\"\" srcset=\"https:\/\/www.fatra-extruze.cz\/wp-content\/uploads\/sites\/5\/2022\/06\/Fatra-PE-folie-autozasterka.jpg 800w, https:\/\/www.fatra-extruze.cz\/wp-content\/uploads\/sites\/5\/2022\/06\/Fatra-PE-folie-autozasterka-300x200.jpg 300w, https:\/\/www.fatra-extruze.cz\/wp-content\/uploads\/sites\/5\/2022\/06\/Fatra-PE-folie-autozasterka-768x512.jpg 768w, https:\/\/www.fatra-extruze.cz\/wp-content\/uploads\/sites\/5\/2022\/06\/Fatra-PE-folie-autozasterka-450x300.jpg 450w\" sizes=\"auto, (max-width: 800px) 100vw, 800px\" \/><\/td><\/tr><tr><td class=\"has-text-align-left\" data-align=\"left\">Autoteppiche, Kofferraumwannen (TPO)<\/td><td><img loading=\"lazy\" decoding=\"async\" width=\"800\" height=\"533\" class=\"wp-image-2426\" style=\"width: 250px\" src=\"https:\/\/www.fatra-extruze.cz\/wp-content\/uploads\/sites\/5\/2023\/06\/Vana-do-kufru-1.jpeg\" alt=\"\" srcset=\"https:\/\/www.fatra-extruze.cz\/wp-content\/uploads\/sites\/5\/2023\/06\/Vana-do-kufru-1.jpeg 800w, https:\/\/www.fatra-extruze.cz\/wp-content\/uploads\/sites\/5\/2023\/06\/Vana-do-kufru-1-300x200.jpeg 300w, https:\/\/www.fatra-extruze.cz\/wp-content\/uploads\/sites\/5\/2023\/06\/Vana-do-kufru-1-768x512.jpeg 768w, https:\/\/www.fatra-extruze.cz\/wp-content\/uploads\/sites\/5\/2023\/06\/Vana-do-kufru-1-450x300.jpeg 450w\" sizes=\"auto, (max-width: 800px) 100vw, 800px\" \/><\/td><\/tr><tr><td class=\"has-text-align-left\" data-align=\"left\">Zuschnitte und Verst\u00e4rkungsmaterial f\u00fcr Galanterie- und Kleidungsprodukte<\/td><td><img decoding=\"async\" style=\"width: 250px\" src=\"https:\/\/www.fatra-extruze.cz\/wp-content\/uploads\/sites\/5\/2022\/06\/Fatra-PE-folie-galanterni-vyztuha.jpg\" alt=\"\"><\/td><\/tr><tr><td class=\"has-text-align-left\" data-align=\"left\">Unkrautbek\u00e4mpfungsfolie unter dem Flechtwerk<\/td><td><img loading=\"lazy\" decoding=\"async\" width=\"800\" height=\"533\" class=\"wp-image-2389\" style=\"width: 250px\" src=\"https:\/\/www.fatra-extruze.cz\/wp-content\/uploads\/sites\/5\/2023\/06\/Fatra-LDPE-folie-pod-pletivo-proti-plevelu.jpg\" alt=\"\" srcset=\"https:\/\/www.fatra-extruze.cz\/wp-content\/uploads\/sites\/5\/2023\/06\/Fatra-LDPE-folie-pod-pletivo-proti-plevelu.jpg 800w, https:\/\/www.fatra-extruze.cz\/wp-content\/uploads\/sites\/5\/2023\/06\/Fatra-LDPE-folie-pod-pletivo-proti-plevelu-300x200.jpg 300w, https:\/\/www.fatra-extruze.cz\/wp-content\/uploads\/sites\/5\/2023\/06\/Fatra-LDPE-folie-pod-pletivo-proti-plevelu-768x512.jpg 768w, https:\/\/www.fatra-extruze.cz\/wp-content\/uploads\/sites\/5\/2023\/06\/Fatra-LDPE-folie-pod-pletivo-proti-plevelu-450x300.jpg 450w\" sizes=\"auto, (max-width: 800px) 100vw, 800px\" \/><\/td><\/tr><tr><td class=\"has-text-align-left\" data-align=\"left\">Abschirmfolie f\u00fcr Zaunfelder<\/td><td><img loading=\"lazy\" decoding=\"async\" width=\"800\" height=\"533\" class=\"wp-image-2392\" style=\"width: 250px\" src=\"https:\/\/www.fatra-extruze.cz\/wp-content\/uploads\/sites\/5\/2023\/06\/Fatra-PE-stinici-folie-do-plotovych-panelu.jpg\" alt=\"\" srcset=\"https:\/\/www.fatra-extruze.cz\/wp-content\/uploads\/sites\/5\/2023\/06\/Fatra-PE-stinici-folie-do-plotovych-panelu.jpg 800w, https:\/\/www.fatra-extruze.cz\/wp-content\/uploads\/sites\/5\/2023\/06\/Fatra-PE-stinici-folie-do-plotovych-panelu-300x200.jpg 300w, https:\/\/www.fatra-extruze.cz\/wp-content\/uploads\/sites\/5\/2023\/06\/Fatra-PE-stinici-folie-do-plotovych-panelu-768x512.jpg 768w, https:\/\/www.fatra-extruze.cz\/wp-content\/uploads\/sites\/5\/2023\/06\/Fatra-PE-stinici-folie-do-plotovych-panelu-450x300.jpg 450w\" sizes=\"auto, (max-width: 800px) 100vw, 800px\" \/><\/td><\/tr><tr><td class=\"has-text-align-left\" data-align=\"left\">Herstellung von Dichtungen<\/td><td><img loading=\"lazy\" decoding=\"async\" width=\"800\" height=\"533\" class=\"wp-image-2381\" style=\"width: 250px\" src=\"https:\/\/www.fatra-extruze.cz\/wp-content\/uploads\/sites\/5\/2023\/06\/Fatra-PE-folie-na-tesnici-krouzky.jpeg\" alt=\"\" srcset=\"https:\/\/www.fatra-extruze.cz\/wp-content\/uploads\/sites\/5\/2023\/06\/Fatra-PE-folie-na-tesnici-krouzky.jpeg 800w, https:\/\/www.fatra-extruze.cz\/wp-content\/uploads\/sites\/5\/2023\/06\/Fatra-PE-folie-na-tesnici-krouzky-300x200.jpeg 300w, https:\/\/www.fatra-extruze.cz\/wp-content\/uploads\/sites\/5\/2023\/06\/Fatra-PE-folie-na-tesnici-krouzky-768x512.jpeg 768w, https:\/\/www.fatra-extruze.cz\/wp-content\/uploads\/sites\/5\/2023\/06\/Fatra-PE-folie-na-tesnici-krouzky-450x300.jpeg 450w\" sizes=\"auto, (max-width: 800px) 100vw, 800px\" \/><\/td><\/tr><tr><td class=\"has-text-align-left\" data-align=\"left\"><br>Technische Anwendungen <br>&#8211; Trennlagen f\u00fcr die Verpackung von Z\u00fcndsystemen<br>&#8211; Auskleidung unter den Schienenst\u00fchlen (Eisenbahnschienen)<br>&#8211; Trichterrutschen<br>&#8211; Tr\u00e4germaterial f\u00fcr Paletten<br>&#8211; Schutzfolien bei der Verpackung von technischen Produkten<\/td><td><img loading=\"lazy\" decoding=\"async\" width=\"800\" height=\"564\" class=\"wp-image-1868\" style=\"width: 250px\" src=\"https:\/\/www.fatra-extruze.cz\/wp-content\/uploads\/sites\/5\/2022\/06\/Fatra-HDPE-folie.jpg\" alt=\"\" srcset=\"https:\/\/www.fatra-extruze.cz\/wp-content\/uploads\/sites\/5\/2022\/06\/Fatra-HDPE-folie.jpg 800w, https:\/\/www.fatra-extruze.cz\/wp-content\/uploads\/sites\/5\/2022\/06\/Fatra-HDPE-folie-300x212.jpg 300w, https:\/\/www.fatra-extruze.cz\/wp-content\/uploads\/sites\/5\/2022\/06\/Fatra-HDPE-folie-768x541.jpg 768w, https:\/\/www.fatra-extruze.cz\/wp-content\/uploads\/sites\/5\/2022\/06\/Fatra-HDPE-folie-780x550.jpg 780w, https:\/\/www.fatra-extruze.cz\/wp-content\/uploads\/sites\/5\/2022\/06\/Fatra-HDPE-folie-426x300.jpg 426w\" sizes=\"auto, (max-width: 800px) 100vw, 800px\" \/><\/td><\/tr><\/tbody><\/table><\/figure>\n\n\n<div class=\"row contentrow downloads_bar\"><h3 class=\"four columns hcolor\">Zum Herunterladen<\/h3><div class=\"four columns\"><img decoding=\"async\" src=\"https:\/\/www.fatra-extruze.cz\/wp-content\/themes\/fatra\/assets\/katalog.png\" alt=\"katalog\" class=\"katalog_img\"><ul class=\"selectlike\"><li rel=\"#\"><span class=\"select_title\">Prospekt Fatra EVA-Folien 2026 2<\/span><ul class=\"options\"><li rel=\"https:\/\/www.fatra-extruze.cz\/wp-content\/uploads\/sites\/5\/2026\/02\/Prospekt-Fatra-EVA-Folien-2026-2.pdf\" class=\"download_src src\">Prospekt Fatra EVA-Folien 2026 2<\/li><li rel=\"https:\/\/www.fatra-extruze.cz\/wp-content\/uploads\/sites\/5\/2026\/02\/Prospekt-Fatra-Extrudierung-2026-2.pdf\" class=\"download_src src\">Prospekt Fatra Extrudierung 2026 2<\/li><li rel=\"https:\/\/www.fatra-extruze.cz\/wp-content\/uploads\/sites\/5\/2026\/02\/Prospekt-Fatra-Folien-und-Platten-2026-2.pdf\" class=\"download_src src\">Prospekt Fatra Folien und Platten 2026 2<\/li><li rel=\"https:\/\/www.fatra-extruze.cz\/wp-content\/uploads\/sites\/5\/2026\/02\/Prospekt-Fatra-PET-Platten-2026-2.pdf\" class=\"download_src src\">Prospekt Fatra PET-Platten 2026 2<\/li><li rel=\"https:\/\/www.fatra-extruze.cz\/wp-content\/uploads\/sites\/5\/2026\/02\/Prospekt-Fatra-Warnfolie-2026-2.pdf\" class=\"download_src src\">Prospekt Fatra Warnfolie 2026 2<\/li><li rel=\"https:\/\/www.fatra-extruze.cz\/wp-content\/uploads\/sites\/5\/2026\/02\/Prospekt-Fatra-Wurzelsperre-2026-2.pdf\" class=\"download_src src\">Prospekt Fatra Wurzelsperre 2026 2<\/li><li rel=\"https:\/\/www.fatra-extruze.cz\/wp-content\/uploads\/sites\/5\/2026\/02\/Prospekt-FATRAFOL-929-2026-2.pdf\" class=\"download_src src\">Prospekt FATRAFOL 929 2026 2<\/li><\/ul><\/li><\/div><div class=\"four columns\"><a href=\"https:\/\/www.fatra-extruze.cz\/wp-content\/uploads\/sites\/5\/2026\/02\/Prospekt-Fatra-EVA-Folien-2026-2.pdf\" class=\"button button-primary bgcolor download_button src_button u-pull-right\">Download<\/a><\/div><\/div>\n\n\n\n<h4 class=\"wp-block-cgb-block-ftr-product-heading product-block-title\">Kontakte<\/h4>\n\n\n\n<div class=\"wp-block-columns is-layout-flex wp-container-core-columns-is-layout-1 wp-block-columns-is-layout-flex\">\n<div class=\"wp-block-column is-layout-flow wp-block-column-is-layout-flow\">\n<p>Interessieren Sie sich f\u00fcr das o.a. Produkt, k\u00f6nnen Sie direkt die Handelsabteilung der Firma Fatra, a.s. kontaktieren:<\/p>\n<\/div>\n\n\n\n<div class=\"wp-block-column is-layout-flow wp-block-column-is-layout-flow\">\n<p><strong>Zuzana Gabrielova<\/strong><\/p>\n\n\n\n<p>Mobil: +420&nbsp;724&nbsp;405&nbsp;746<br>Email: <a href=\"mailto:zuzana.gabrielova@fatra.cz\">zuzana.gabrielova@fatra.cz<\/a><\/p>\n<\/div>\n<\/div>\n\n\n\n<p><\/p>\n","protected":false},"excerpt":{"rendered":"<p>Die Folien und Platten aus PE, PP und TPO sind hergestellt:<\/p>\n<li>Farbe: Schwarz oder farbig<\/li>\n<li>beidseitig glatt und einseitig gemustert <\/li>\n<p>Die Folien werden als Rollen- oder Zuschnittwaren in Abh\u00e4ngigkeit von der St\u00e4rke und Material geliefert \u2013 den Kundenanforderungen nach.<\/p>\n","protected":false},"featured_media":2468,"parent":0,"menu_order":1,"template":"","product_color":[],"product_use":[],"class_list":["post-2822","product","type-product","status-publish","has-post-thumbnail","hentry"],"_links":{"self":[{"href":"https:\/\/www.fatra-extruze.cz\/de\/wp-json\/wp\/v2\/product\/2822","targetHints":{"allow":["GET"]}}],"collection":[{"href":"https:\/\/www.fatra-extruze.cz\/de\/wp-json\/wp\/v2\/product"}],"about":[{"href":"https:\/\/www.fatra-extruze.cz\/de\/wp-json\/wp\/v2\/types\/product"}],"version-history":[{"count":0,"href":"https:\/\/www.fatra-extruze.cz\/de\/wp-json\/wp\/v2\/product\/2822\/revisions"}],"wp:featuredmedia":[{"embeddable":true,"href":"https:\/\/www.fatra-extruze.cz\/de\/wp-json\/wp\/v2\/media\/2468"}],"wp:attachment":[{"href":"https:\/\/www.fatra-extruze.cz\/de\/wp-json\/wp\/v2\/media?parent=2822"}],"wp:term":[{"taxonomy":"product_color","embeddable":true,"href":"https:\/\/www.fatra-extruze.cz\/de\/wp-json\/wp\/v2\/product_color?post=2822"},{"taxonomy":"product_use","embeddable":true,"href":"https:\/\/www.fatra-extruze.cz\/de\/wp-json\/wp\/v2\/product_use?post=2822"}],"curies":[{"name":"wp","href":"https:\/\/api.w.org\/{rel}","templated":true}]}}