{"id":3123,"date":"2025-09-04T23:45:39","date_gmt":"2025-09-04T21:45:39","guid":{"rendered":"https:\/\/www.fatra-extruze.cz\/?post_type=product&#038;p=3123"},"modified":"2026-03-05T18:31:09","modified_gmt":"2026-03-05T17:31:09","slug":"wurzelsperre","status":"publish","type":"product","link":"https:\/\/www.fatra-extruze.cz\/de\/produkty\/pe-pp-tpo-folien-und-platten\/wurzelsperre\/","title":{"rendered":"Wurzelsperre"},"content":{"rendered":"\n<div class=\"wp-block-columns is-layout-flex wp-container-core-columns-is-layout-1 wp-block-columns-is-layout-flex\">\n<div class=\"wp-block-column is-layout-flow wp-block-column-is-layout-flow\">\n<figure class=\"wp-block-image size-full\"><img loading=\"lazy\" decoding=\"async\" width=\"600\" height=\"600\" src=\"https:\/\/www.fatra-extruze.cz\/wp-content\/uploads\/sites\/5\/2025\/09\/Folie-proti-korenum-dum.jpg\" alt=\"\" class=\"wp-image-3104\" srcset=\"https:\/\/www.fatra-extruze.cz\/wp-content\/uploads\/sites\/5\/2025\/09\/Folie-proti-korenum-dum.jpg 600w, https:\/\/www.fatra-extruze.cz\/wp-content\/uploads\/sites\/5\/2025\/09\/Folie-proti-korenum-dum-300x300.jpg 300w, https:\/\/www.fatra-extruze.cz\/wp-content\/uploads\/sites\/5\/2025\/09\/Folie-proti-korenum-dum-150x150.jpg 150w, https:\/\/www.fatra-extruze.cz\/wp-content\/uploads\/sites\/5\/2025\/09\/Folie-proti-korenum-dum-550x550.jpg 550w\" sizes=\"auto, (max-width: 600px) 100vw, 600px\" \/><figcaption class=\"wp-element-caption\">Wurzelsperre &#8211; Haus<\/figcaption><\/figure>\n<\/div>\n\n\n\n<div class=\"wp-block-column is-layout-flow wp-block-column-is-layout-flow\">\n<figure class=\"wp-block-image size-full\"><img loading=\"lazy\" decoding=\"async\" width=\"600\" height=\"600\" src=\"https:\/\/www.fatra-extruze.cz\/wp-content\/uploads\/sites\/5\/2025\/09\/Folie-proti-korenum-komunikace.jpg\" alt=\"\" class=\"wp-image-3107\" srcset=\"https:\/\/www.fatra-extruze.cz\/wp-content\/uploads\/sites\/5\/2025\/09\/Folie-proti-korenum-komunikace.jpg 600w, https:\/\/www.fatra-extruze.cz\/wp-content\/uploads\/sites\/5\/2025\/09\/Folie-proti-korenum-komunikace-300x300.jpg 300w, https:\/\/www.fatra-extruze.cz\/wp-content\/uploads\/sites\/5\/2025\/09\/Folie-proti-korenum-komunikace-150x150.jpg 150w, https:\/\/www.fatra-extruze.cz\/wp-content\/uploads\/sites\/5\/2025\/09\/Folie-proti-korenum-komunikace-550x550.jpg 550w\" sizes=\"auto, (max-width: 600px) 100vw, 600px\" \/><figcaption class=\"wp-element-caption\">Wurzelsperre &#8211; Kommunikation<\/figcaption><\/figure>\n<\/div>\n<\/div>\n\n\n\n<hr class=\"wp-block-cgb-block-ftr-product-section-line ftr-product-block-separator\" \/>\n\n\n\n<h4 class=\"wp-block-cgb-block-ftr-product-heading product-block-title\">Produktvorteile<\/h4>\n\n\n\n<ul class=\"wp-block-list\">\n<li>Verhindert das Durchwachsen von Wurzeln<\/li>\n\n\n\n<li>Sch\u00fctzt Bau- und Transportobjekte vor Wurzelsch\u00e4den<\/li>\n\n\n\n<li>Lange Lebensdauer dank des verwendeten Materials<\/li>\n\n\n\n<li>Einfache Handhabung und Anpassung an Bedarf<\/li>\n\n\n\n<li>Resistent gegen Schimmel, Pilze und Mikroorganismen<\/li>\n\n\n\n<li>Umweltfreundlich \u2013 enth\u00e4lt keine gef\u00e4hrlichen Chemikalien<\/li>\n<\/ul>\n\n\n\n<hr class=\"wp-block-cgb-block-ftr-product-section-line ftr-product-block-separator\" \/>\n\n\n\n<h4 class=\"wp-block-cgb-block-ftr-product-heading product-block-title\">Eigenschaften<\/h4>\n\n\n\n<figure class=\"wp-block-table is-style-stripes\"><table class=\"has-white-background-color has-background\"><tbody><tr><td>Material<\/td><td class=\"has-text-align-left\" data-align=\"left\">Polyethylen (HDPE)<\/td><\/tr><tr><td>Farbe<\/td><td class=\"has-text-align-left\" data-align=\"left\">schwarz<\/td><\/tr><tr><td>Oberfl\u00e4che<\/td><td class=\"has-text-align-left\" data-align=\"left\">Variante 1: beidseitig glatt<br>Variante 2: beidseitig gemustert<\/td><\/tr><tr><td>Dichte<\/td><td class=\"has-text-align-left\" data-align=\"left\">0,935 &#8211; 0,950 g\/cm<sup>3<\/sup><\/td><\/tr><tr><td>Dicke<\/td><td class=\"has-text-align-left\" data-align=\"left\">1 \/ 1,5 \/ 2 mm<\/td><\/tr><tr><td>Rollenbreite<\/td><td class=\"has-text-align-left\" data-align=\"left\">30 &#8211; 150 cm<\/td><\/tr><tr><td>Rollenl\u00e4nge<\/td><td class=\"has-text-align-left\" data-align=\"left\">bis zu 200&nbsp;m<\/td><\/tr><\/tbody><\/table><\/figure>\n\n\n\n<hr class=\"wp-block-cgb-block-ftr-product-section-line ftr-product-block-separator\" \/>\n\n\n\n<div class=\"row extras\"><div class=\"row contentrow downloads_bar\"><h3 class=\"four columns hcolor\">Zum Herunterladen<\/h3><div class=\"four columns\"><img decoding=\"async\" src=\"https:\/\/www.fatra-extruze.cz\/wp-content\/themes\/fatra\/assets\/katalog.png\" alt=\"katalog\" class=\"katalog_img\"><ul class=\"selectlike\"><li rel=\"#\"><span class=\"select_title\">Prospekt Fatra Wurzelsperre 2026 2<\/span><ul class=\"options\"><li rel=\"https:\/\/www.fatra-extruze.cz\/wp-content\/uploads\/sites\/5\/2026\/02\/Prospekt-Fatra-Wurzelsperre-2026-2.pdf\" class=\"download_src src\">Prospekt Fatra Wurzelsperre 2026 2<\/li><\/ul><\/li><\/div><div class=\"four columns\"><a href=\"https:\/\/www.fatra-extruze.cz\/wp-content\/uploads\/sites\/5\/2026\/02\/Prospekt-Fatra-Wurzelsperre-2026-2.pdf\" class=\"button button-primary bgcolor download_button src_button u-pull-right\">Download<\/a><\/div><\/div><\/div>\n\n\n\n<hr class=\"wp-block-cgb-block-ftr-product-section-line ftr-product-block-separator\" \/>\n\n\n\n<h4 class=\"wp-block-cgb-block-ftr-product-heading product-block-title\">Kontakt<\/h4>\n\n\n\n<div class=\"wp-block-columns has-2-columns is-layout-flex wp-container-core-columns-is-layout-2 wp-block-columns-is-layout-flex\">\n<div class=\"wp-block-column is-layout-flow wp-block-column-is-layout-flow\">\n<p><strong>Zuzana Gabrielov\u00e1<\/strong><br>Mobil: +420&nbsp;724&nbsp;405&nbsp;746<br>Email: <a href=\"mailto:zuzana.gabrielova@fatra.cz\">zuzana.gabrielova@fatra.cz<\/a><\/p>\n<\/div>\n<\/div>\n\n\n\n<hr class=\"wp-block-cgb-block-ftr-product-section-line ftr-product-block-separator\" \/>\n","protected":false},"excerpt":{"rendered":"<p>Die FATRA WURZELSPERRE ist eine mechanische Barriere, die das horizontale Wachstum von Baum-, Strauch- und mehrj\u00e4hrigen Pflanzenwurzeln lenkt und blockiert. Sie sch\u00fctzt Geb\u00e4udestrukturen, Versorgungsnetze und die umliegende Umwelt vor unerw\u00fcnschtem Wurzelwachstum.<\/p>\n<p>Anwendung der Wurzelsperre:<\/p>\n<li>Schutz von Stra\u00dfen (Gehwegen, Stra\u00dfen, Wegen)\n<li>Schutz von Geb\u00e4udefundamenten, Kellern und St\u00fctzmauern\n<li>Schutz von Wasserbauwerken (Schwimmb\u00e4der, Teiche, Stauseen)\n<li>Schutz von Ingenieurnetzen und technischen Bauwerken\n<li>Einsatz als unsichtbare Gartenbegrenzung<br \/>\n","protected":false},"featured_media":3112,"parent":2822,"menu_order":3,"template":"","product_color":[],"product_use":[],"class_list":["post-3123","product","type-product","status-publish","has-post-thumbnail","hentry"],"_links":{"self":[{"href":"https:\/\/www.fatra-extruze.cz\/de\/wp-json\/wp\/v2\/product\/3123","targetHints":{"allow":["GET"]}}],"collection":[{"href":"https:\/\/www.fatra-extruze.cz\/de\/wp-json\/wp\/v2\/product"}],"about":[{"href":"https:\/\/www.fatra-extruze.cz\/de\/wp-json\/wp\/v2\/types\/product"}],"version-history":[{"count":0,"href":"https:\/\/www.fatra-extruze.cz\/de\/wp-json\/wp\/v2\/product\/3123\/revisions"}],"up":[{"embeddable":true,"href":"https:\/\/www.fatra-extruze.cz\/de\/wp-json\/wp\/v2\/product\/2822"}],"wp:featuredmedia":[{"embeddable":true,"href":"https:\/\/www.fatra-extruze.cz\/de\/wp-json\/wp\/v2\/media\/3112"}],"wp:attachment":[{"href":"https:\/\/www.fatra-extruze.cz\/de\/wp-json\/wp\/v2\/media?parent=3123"}],"wp:term":[{"taxonomy":"product_color","embeddable":true,"href":"https:\/\/www.fatra-extruze.cz\/de\/wp-json\/wp\/v2\/product_color?post=3123"},{"taxonomy":"product_use","embeddable":true,"href":"https:\/\/www.fatra-extruze.cz\/de\/wp-json\/wp\/v2\/product_use?post=3123"}],"curies":[{"name":"wp","href":"https:\/\/api.w.org\/{rel}","templated":true}]}}