{"id":458,"date":"2018-04-08T13:29:54","date_gmt":"2018-04-08T11:29:54","guid":{"rendered":"https:\/\/www.fatra-extruze.cz\/produkty\/desky-z-pet\/"},"modified":"2026-02-27T07:41:02","modified_gmt":"2026-02-27T06:41:02","slug":"pet-platten","status":"publish","type":"product","link":"https:\/\/www.fatra-extruze.cz\/de\/produkty\/pet-platten\/","title":{"rendered":"PET-Platten"},"content":{"rendered":"\n<h4 class=\"wp-block-cgb-block-ftr-product-heading product-block-title\">Vorteile des Produkts<\/h4>\n\n\n\n<div class=\"wp-block-columns is-layout-flex wp-container-core-columns-is-layout-1 wp-block-columns-is-layout-flex\">\n<div class=\"wp-block-column is-layout-flow wp-block-column-is-layout-flow\">\n<ul class=\"wp-block-list\">\n<li>Gesundheitlich unbedenkliches Material.<\/li>\n\n\n\n<li>Hohe Verschlei\u00dffestigkeit.<\/li>\n\n\n\n<li>Ausgezeichneter Schutz gegen Kratzer und Schmutz (Fu\u00dfboden, M\u00f6bel).<\/li>\n\n\n\n<li>Leichte Reinigung.<\/li>\n<\/ul>\n<\/div>\n\n\n\n<div class=\"wp-block-column is-layout-flow wp-block-column-is-layout-flow\">\n<figure class=\"wp-block-image\"><a href=\"https:\/\/www.fatra-extruze.cz\/wp-content\/uploads\/sites\/5\/2018\/04\/ikony-pet-1.jpg\"><img loading=\"lazy\" decoding=\"async\" width=\"800\" height=\"158\" src=\"https:\/\/www.fatra-extruze.cz\/wp-content\/uploads\/sites\/5\/2018\/04\/ikony-pet-1.jpg\" alt=\"\" class=\"wp-image-266\" srcset=\"https:\/\/www.fatra-extruze.cz\/wp-content\/uploads\/sites\/5\/2018\/04\/ikony-pet-1.jpg 800w, https:\/\/www.fatra-extruze.cz\/wp-content\/uploads\/sites\/5\/2018\/04\/ikony-pet-1-300x59.jpg 300w, https:\/\/www.fatra-extruze.cz\/wp-content\/uploads\/sites\/5\/2018\/04\/ikony-pet-1-768x152.jpg 768w\" sizes=\"auto, (max-width: 800px) 100vw, 800px\" \/><\/a><\/figure>\n<\/div>\n<\/div>\n\n\n\n<hr class=\"wp-block-cgb-block-ftr-product-section-line ftr-product-block-separator\" \/>\n\n\n\n<h4 class=\"wp-block-cgb-block-ftr-product-heading product-block-title\">anwendung<\/h4>\n\n\n\n<figure class=\"wp-block-gallery has-nested-images columns-3 is-cropped wp-block-gallery-2 is-layout-flex wp-block-gallery-is-layout-flex\">\n<figure class=\"wp-block-image size-large\"><img loading=\"lazy\" decoding=\"async\" width=\"800\" height=\"533\" data-id=\"810\" src=\"https:\/\/www.fatra-extruze.cz\/wp-content\/uploads\/sites\/5\/2018\/04\/IMG_0318.jpg\" alt=\"\" class=\"wp-image-810\" srcset=\"https:\/\/www.fatra-extruze.cz\/wp-content\/uploads\/sites\/5\/2018\/04\/IMG_0318.jpg 800w, https:\/\/www.fatra-extruze.cz\/wp-content\/uploads\/sites\/5\/2018\/04\/IMG_0318-300x200.jpg 300w, https:\/\/www.fatra-extruze.cz\/wp-content\/uploads\/sites\/5\/2018\/04\/IMG_0318-768x512.jpg 768w, https:\/\/www.fatra-extruze.cz\/wp-content\/uploads\/sites\/5\/2018\/04\/IMG_0318-450x300.jpg 450w\" sizes=\"auto, (max-width: 800px) 100vw, 800px\" \/><figcaption class=\"wp-element-caption\">Fatra PET-Platte<\/figcaption><\/figure>\n\n\n\n<figure class=\"wp-block-image size-large\"><img loading=\"lazy\" decoding=\"async\" width=\"800\" height=\"533\" data-id=\"862\" src=\"https:\/\/www.fatra-extruze.cz\/wp-content\/uploads\/sites\/5\/2018\/04\/office_23_8_2011final2.jpg\" alt=\"\" class=\"wp-image-862\" srcset=\"https:\/\/www.fatra-extruze.cz\/wp-content\/uploads\/sites\/5\/2018\/04\/office_23_8_2011final2.jpg 800w, https:\/\/www.fatra-extruze.cz\/wp-content\/uploads\/sites\/5\/2018\/04\/office_23_8_2011final2-300x200.jpg 300w, https:\/\/www.fatra-extruze.cz\/wp-content\/uploads\/sites\/5\/2018\/04\/office_23_8_2011final2-768x512.jpg 768w, https:\/\/www.fatra-extruze.cz\/wp-content\/uploads\/sites\/5\/2018\/04\/office_23_8_2011final2-450x300.jpg 450w\" sizes=\"auto, (max-width: 800px) 100vw, 800px\" \/><figcaption class=\"wp-element-caption\">Fatra PET-Platte \u2013 im B\u00fcro<\/figcaption><\/figure>\n\n\n\n<figure class=\"wp-block-image size-large\"><img loading=\"lazy\" decoding=\"async\" width=\"800\" height=\"532\" data-id=\"778\" src=\"https:\/\/www.fatra-extruze.cz\/wp-content\/uploads\/sites\/5\/2018\/04\/IMG_2433.jpg\" alt=\"\" class=\"wp-image-778\" srcset=\"https:\/\/www.fatra-extruze.cz\/wp-content\/uploads\/sites\/5\/2018\/04\/IMG_2433.jpg 800w, https:\/\/www.fatra-extruze.cz\/wp-content\/uploads\/sites\/5\/2018\/04\/IMG_2433-300x200.jpg 300w, https:\/\/www.fatra-extruze.cz\/wp-content\/uploads\/sites\/5\/2018\/04\/IMG_2433-768x511.jpg 768w, https:\/\/www.fatra-extruze.cz\/wp-content\/uploads\/sites\/5\/2018\/04\/IMG_2433-451x300.jpg 451w\" sizes=\"auto, (max-width: 800px) 100vw, 800px\" \/><figcaption class=\"wp-element-caption\">Fatra PET-Platte \u2013 im B\u00fcro 2<\/figcaption><\/figure>\n\n\n\n<figure class=\"wp-block-image size-large\"><img loading=\"lazy\" decoding=\"async\" width=\"800\" height=\"533\" data-id=\"790\" src=\"https:\/\/www.fatra-extruze.cz\/wp-content\/uploads\/sites\/5\/2018\/04\/12SV-PET-deska.jpg\" alt=\"\" class=\"wp-image-790\" srcset=\"https:\/\/www.fatra-extruze.cz\/wp-content\/uploads\/sites\/5\/2018\/04\/12SV-PET-deska.jpg 800w, https:\/\/www.fatra-extruze.cz\/wp-content\/uploads\/sites\/5\/2018\/04\/12SV-PET-deska-300x200.jpg 300w, https:\/\/www.fatra-extruze.cz\/wp-content\/uploads\/sites\/5\/2018\/04\/12SV-PET-deska-768x512.jpg 768w, https:\/\/www.fatra-extruze.cz\/wp-content\/uploads\/sites\/5\/2018\/04\/12SV-PET-deska-450x300.jpg 450w\" sizes=\"auto, (max-width: 800px) 100vw, 800px\" \/><figcaption class=\"wp-element-caption\">Fatra PET-Platte unter Rollstuhl<\/figcaption><\/figure>\n\n\n\n<figure class=\"wp-block-image size-large\"><img loading=\"lazy\" decoding=\"async\" width=\"800\" height=\"534\" data-id=\"868\" src=\"https:\/\/www.fatra-extruze.cz\/wp-content\/uploads\/sites\/5\/2018\/04\/\u017eidle-3.jpg\" alt=\"\" class=\"wp-image-868\" srcset=\"https:\/\/www.fatra-extruze.cz\/wp-content\/uploads\/sites\/5\/2018\/04\/\u017eidle-3.jpg 800w, https:\/\/www.fatra-extruze.cz\/wp-content\/uploads\/sites\/5\/2018\/04\/\u017eidle-3-300x200.jpg 300w, https:\/\/www.fatra-extruze.cz\/wp-content\/uploads\/sites\/5\/2018\/04\/\u017eidle-3-768x513.jpg 768w, https:\/\/www.fatra-extruze.cz\/wp-content\/uploads\/sites\/5\/2018\/04\/\u017eidle-3-449x300.jpg 449w\" sizes=\"auto, (max-width: 800px) 100vw, 800px\" \/><figcaption class=\"wp-element-caption\">Fatra PET-Platte unter Rollstuhl 2<\/figcaption><\/figure>\n\n\n\n<figure class=\"wp-block-image size-large\"><img loading=\"lazy\" decoding=\"async\" width=\"800\" height=\"533\" data-id=\"826\" src=\"https:\/\/www.fatra-extruze.cz\/wp-content\/uploads\/sites\/5\/2018\/04\/IMG_2197.jpg\" alt=\"\" class=\"wp-image-826\" srcset=\"https:\/\/www.fatra-extruze.cz\/wp-content\/uploads\/sites\/5\/2018\/04\/IMG_2197.jpg 800w, https:\/\/www.fatra-extruze.cz\/wp-content\/uploads\/sites\/5\/2018\/04\/IMG_2197-300x200.jpg 300w, https:\/\/www.fatra-extruze.cz\/wp-content\/uploads\/sites\/5\/2018\/04\/IMG_2197-768x512.jpg 768w, https:\/\/www.fatra-extruze.cz\/wp-content\/uploads\/sites\/5\/2018\/04\/IMG_2197-450x300.jpg 450w\" sizes=\"auto, (max-width: 800px) 100vw, 800px\" \/><figcaption class=\"wp-element-caption\">Fatra PET-Platte&nbsp;unter Baukasten<\/figcaption><\/figure>\n\n\n\n<figure class=\"wp-block-image size-large\"><img loading=\"lazy\" decoding=\"async\" width=\"800\" height=\"533\" data-id=\"822\" src=\"https:\/\/www.fatra-extruze.cz\/wp-content\/uploads\/sites\/5\/2018\/04\/IMG_2173.jpg\" alt=\"\" class=\"wp-image-822\" srcset=\"https:\/\/www.fatra-extruze.cz\/wp-content\/uploads\/sites\/5\/2018\/04\/IMG_2173.jpg 800w, https:\/\/www.fatra-extruze.cz\/wp-content\/uploads\/sites\/5\/2018\/04\/IMG_2173-300x200.jpg 300w, https:\/\/www.fatra-extruze.cz\/wp-content\/uploads\/sites\/5\/2018\/04\/IMG_2173-768x512.jpg 768w, https:\/\/www.fatra-extruze.cz\/wp-content\/uploads\/sites\/5\/2018\/04\/IMG_2173-450x300.jpg 450w\" sizes=\"auto, (max-width: 800px) 100vw, 800px\" \/><figcaption class=\"wp-element-caption\">Fatra PET-Platte auf Sch\u00fclertisch<\/figcaption><\/figure>\n\n\n\n<figure class=\"wp-block-image size-large\"><img loading=\"lazy\" decoding=\"async\" width=\"800\" height=\"533\" data-id=\"818\" src=\"https:\/\/www.fatra-extruze.cz\/wp-content\/uploads\/sites\/5\/2018\/04\/IMG_2135.jpg\" alt=\"\" class=\"wp-image-818\" srcset=\"https:\/\/www.fatra-extruze.cz\/wp-content\/uploads\/sites\/5\/2018\/04\/IMG_2135.jpg 800w, https:\/\/www.fatra-extruze.cz\/wp-content\/uploads\/sites\/5\/2018\/04\/IMG_2135-300x200.jpg 300w, https:\/\/www.fatra-extruze.cz\/wp-content\/uploads\/sites\/5\/2018\/04\/IMG_2135-768x512.jpg 768w, https:\/\/www.fatra-extruze.cz\/wp-content\/uploads\/sites\/5\/2018\/04\/IMG_2135-450x300.jpg 450w\" sizes=\"auto, (max-width: 800px) 100vw, 800px\" \/><figcaption class=\"wp-element-caption\">Fatra PET-Platte&nbsp;unter Kinderwagen<\/figcaption><\/figure>\n\n\n\n<figure class=\"wp-block-image size-large\"><img loading=\"lazy\" decoding=\"async\" width=\"800\" height=\"532\" data-id=\"840\" src=\"https:\/\/www.fatra-extruze.cz\/wp-content\/uploads\/sites\/5\/2018\/04\/IMG_2337.jpg\" alt=\"\" class=\"wp-image-840\" srcset=\"https:\/\/www.fatra-extruze.cz\/wp-content\/uploads\/sites\/5\/2018\/04\/IMG_2337.jpg 800w, https:\/\/www.fatra-extruze.cz\/wp-content\/uploads\/sites\/5\/2018\/04\/IMG_2337-300x200.jpg 300w, https:\/\/www.fatra-extruze.cz\/wp-content\/uploads\/sites\/5\/2018\/04\/IMG_2337-768x511.jpg 768w, https:\/\/www.fatra-extruze.cz\/wp-content\/uploads\/sites\/5\/2018\/04\/IMG_2337-451x300.jpg 451w\" sizes=\"auto, (max-width: 800px) 100vw, 800px\" \/><figcaption class=\"wp-element-caption\">Fatra PET-Platte&nbsp;\u2013 TeigBrett<\/figcaption><\/figure>\n\n\n\n<figure class=\"wp-block-image size-large\"><img loading=\"lazy\" decoding=\"async\" width=\"800\" height=\"532\" data-id=\"832\" src=\"https:\/\/www.fatra-extruze.cz\/wp-content\/uploads\/sites\/5\/2018\/04\/IMG_2303.jpg\" alt=\"\" class=\"wp-image-832\" srcset=\"https:\/\/www.fatra-extruze.cz\/wp-content\/uploads\/sites\/5\/2018\/04\/IMG_2303.jpg 800w, https:\/\/www.fatra-extruze.cz\/wp-content\/uploads\/sites\/5\/2018\/04\/IMG_2303-300x200.jpg 300w, https:\/\/www.fatra-extruze.cz\/wp-content\/uploads\/sites\/5\/2018\/04\/IMG_2303-768x511.jpg 768w, https:\/\/www.fatra-extruze.cz\/wp-content\/uploads\/sites\/5\/2018\/04\/IMG_2303-451x300.jpg 451w\" sizes=\"auto, (max-width: 800px) 100vw, 800px\" \/><figcaption class=\"wp-element-caption\">Fatra PET-Platte auf K\u00fcchentisch<\/figcaption><\/figure>\n\n\n\n<figure class=\"wp-block-image size-large\"><img loading=\"lazy\" decoding=\"async\" width=\"800\" height=\"533\" data-id=\"804\" src=\"https:\/\/www.fatra-extruze.cz\/wp-content\/uploads\/sites\/5\/2018\/04\/FATRA-PET-7.jpg\" alt=\"\" class=\"wp-image-804\" srcset=\"https:\/\/www.fatra-extruze.cz\/wp-content\/uploads\/sites\/5\/2018\/04\/FATRA-PET-7.jpg 800w, https:\/\/www.fatra-extruze.cz\/wp-content\/uploads\/sites\/5\/2018\/04\/FATRA-PET-7-300x200.jpg 300w, https:\/\/www.fatra-extruze.cz\/wp-content\/uploads\/sites\/5\/2018\/04\/FATRA-PET-7-768x512.jpg 768w, https:\/\/www.fatra-extruze.cz\/wp-content\/uploads\/sites\/5\/2018\/04\/FATRA-PET-7-450x300.jpg 450w\" sizes=\"auto, (max-width: 800px) 100vw, 800px\" \/><figcaption class=\"wp-element-caption\">Fatra PET-Platte unter Blumentopf<\/figcaption><\/figure>\n\n\n\n<figure class=\"wp-block-image size-large\"><img loading=\"lazy\" decoding=\"async\" width=\"800\" height=\"533\" data-id=\"784\" src=\"https:\/\/www.fatra-extruze.cz\/wp-content\/uploads\/sites\/5\/2018\/04\/FATRA-PET-3.jpg\" alt=\"\" class=\"wp-image-784\" srcset=\"https:\/\/www.fatra-extruze.cz\/wp-content\/uploads\/sites\/5\/2018\/04\/FATRA-PET-3.jpg 800w, https:\/\/www.fatra-extruze.cz\/wp-content\/uploads\/sites\/5\/2018\/04\/FATRA-PET-3-300x200.jpg 300w, https:\/\/www.fatra-extruze.cz\/wp-content\/uploads\/sites\/5\/2018\/04\/FATRA-PET-3-768x512.jpg 768w, https:\/\/www.fatra-extruze.cz\/wp-content\/uploads\/sites\/5\/2018\/04\/FATRA-PET-3-450x300.jpg 450w\" sizes=\"auto, (max-width: 800px) 100vw, 800px\" \/><figcaption class=\"wp-element-caption\">Fatra PET-Platte unter Hundebett und Hundenapf<\/figcaption><\/figure>\n\n\n\n<figure class=\"wp-block-image size-large\"><img loading=\"lazy\" decoding=\"async\" width=\"800\" height=\"532\" data-id=\"842\" src=\"https:\/\/www.fatra-extruze.cz\/wp-content\/uploads\/sites\/5\/2018\/04\/IMG_2341.jpg\" alt=\"\" class=\"wp-image-842\" srcset=\"https:\/\/www.fatra-extruze.cz\/wp-content\/uploads\/sites\/5\/2018\/04\/IMG_2341.jpg 800w, https:\/\/www.fatra-extruze.cz\/wp-content\/uploads\/sites\/5\/2018\/04\/IMG_2341-300x200.jpg 300w, https:\/\/www.fatra-extruze.cz\/wp-content\/uploads\/sites\/5\/2018\/04\/IMG_2341-768x511.jpg 768w, https:\/\/www.fatra-extruze.cz\/wp-content\/uploads\/sites\/5\/2018\/04\/IMG_2341-451x300.jpg 451w\" sizes=\"auto, (max-width: 800px) 100vw, 800px\" \/><figcaption class=\"wp-element-caption\">Fatra PET-Platte&nbsp;in Kofferraum<\/figcaption><\/figure>\n\n\n\n<figure class=\"wp-block-image size-large\"><img loading=\"lazy\" decoding=\"async\" width=\"800\" height=\"532\" data-id=\"852\" src=\"https:\/\/www.fatra-extruze.cz\/wp-content\/uploads\/sites\/5\/2018\/04\/IMG_2392.jpg\" alt=\"\" class=\"wp-image-852\" srcset=\"https:\/\/www.fatra-extruze.cz\/wp-content\/uploads\/sites\/5\/2018\/04\/IMG_2392.jpg 800w, https:\/\/www.fatra-extruze.cz\/wp-content\/uploads\/sites\/5\/2018\/04\/IMG_2392-300x200.jpg 300w, https:\/\/www.fatra-extruze.cz\/wp-content\/uploads\/sites\/5\/2018\/04\/IMG_2392-768x511.jpg 768w, https:\/\/www.fatra-extruze.cz\/wp-content\/uploads\/sites\/5\/2018\/04\/IMG_2392-451x300.jpg 451w\" sizes=\"auto, (max-width: 800px) 100vw, 800px\" \/><figcaption class=\"wp-element-caption\">Fatra PET-Platte vor Arbeitstisch<\/figcaption><\/figure>\n\n\n\n<figure class=\"wp-block-image size-large\"><img loading=\"lazy\" decoding=\"async\" width=\"800\" height=\"532\" data-id=\"846\" src=\"https:\/\/www.fatra-extruze.cz\/wp-content\/uploads\/sites\/5\/2018\/04\/IMG_2355.jpg\" alt=\"\" class=\"wp-image-846\" srcset=\"https:\/\/www.fatra-extruze.cz\/wp-content\/uploads\/sites\/5\/2018\/04\/IMG_2355.jpg 800w, https:\/\/www.fatra-extruze.cz\/wp-content\/uploads\/sites\/5\/2018\/04\/IMG_2355-300x200.jpg 300w, https:\/\/www.fatra-extruze.cz\/wp-content\/uploads\/sites\/5\/2018\/04\/IMG_2355-768x511.jpg 768w, https:\/\/www.fatra-extruze.cz\/wp-content\/uploads\/sites\/5\/2018\/04\/IMG_2355-451x300.jpg 451w\" sizes=\"auto, (max-width: 800px) 100vw, 800px\" \/><figcaption class=\"wp-element-caption\">Fatra PET-Platte &nbsp;vor Herd<\/figcaption><\/figure>\n\n\n\n<figure class=\"wp-block-image size-large\"><img loading=\"lazy\" decoding=\"async\" width=\"533\" height=\"800\" data-id=\"806\" src=\"https:\/\/www.fatra-extruze.cz\/wp-content\/uploads\/sites\/5\/2018\/04\/FATRA-PET-13.jpg\" alt=\"\" class=\"wp-image-806\" srcset=\"https:\/\/www.fatra-extruze.cz\/wp-content\/uploads\/sites\/5\/2018\/04\/FATRA-PET-13.jpg 533w, https:\/\/www.fatra-extruze.cz\/wp-content\/uploads\/sites\/5\/2018\/04\/FATRA-PET-13-200x300.jpg 200w, https:\/\/www.fatra-extruze.cz\/wp-content\/uploads\/sites\/5\/2018\/04\/FATRA-PET-13-366x550.jpg 366w, https:\/\/www.fatra-extruze.cz\/wp-content\/uploads\/sites\/5\/2018\/04\/FATRA-PET-13-400x600.jpg 400w\" sizes=\"auto, (max-width: 533px) 100vw, 533px\" \/><figcaption class=\"wp-element-caption\">Fatra PET-Platte unter Wasserspender<\/figcaption><\/figure>\n\n\n\n<figure class=\"wp-block-image size-large\"><img loading=\"lazy\" decoding=\"async\" width=\"533\" height=\"800\" data-id=\"820\" src=\"https:\/\/www.fatra-extruze.cz\/wp-content\/uploads\/sites\/5\/2018\/04\/IMG_2150.jpg\" alt=\"\" class=\"wp-image-820\" srcset=\"https:\/\/www.fatra-extruze.cz\/wp-content\/uploads\/sites\/5\/2018\/04\/IMG_2150.jpg 533w, https:\/\/www.fatra-extruze.cz\/wp-content\/uploads\/sites\/5\/2018\/04\/IMG_2150-200x300.jpg 200w, https:\/\/www.fatra-extruze.cz\/wp-content\/uploads\/sites\/5\/2018\/04\/IMG_2150-366x550.jpg 366w, https:\/\/www.fatra-extruze.cz\/wp-content\/uploads\/sites\/5\/2018\/04\/IMG_2150-400x600.jpg 400w\" sizes=\"auto, (max-width: 533px) 100vw, 533px\" \/><figcaption class=\"wp-element-caption\">Fatra PET-Platte unter Kindrstuhl<\/figcaption><\/figure>\n\n\n\n<figure class=\"wp-block-image size-large\"><img loading=\"lazy\" decoding=\"async\" width=\"533\" height=\"800\" data-id=\"850\" src=\"https:\/\/www.fatra-extruze.cz\/wp-content\/uploads\/sites\/5\/2018\/04\/IMG_2380.jpg\" alt=\"\" class=\"wp-image-850\" srcset=\"https:\/\/www.fatra-extruze.cz\/wp-content\/uploads\/sites\/5\/2018\/04\/IMG_2380.jpg 533w, https:\/\/www.fatra-extruze.cz\/wp-content\/uploads\/sites\/5\/2018\/04\/IMG_2380-200x300.jpg 200w, https:\/\/www.fatra-extruze.cz\/wp-content\/uploads\/sites\/5\/2018\/04\/IMG_2380-366x550.jpg 366w, https:\/\/www.fatra-extruze.cz\/wp-content\/uploads\/sites\/5\/2018\/04\/IMG_2380-400x600.jpg 400w\" sizes=\"auto, (max-width: 533px) 100vw, 533px\" \/><figcaption class=\"wp-element-caption\">Fatra PET-Platte&nbsp;f\u00fcr Fitness<\/figcaption><\/figure>\n<\/figure>\n\n\n\n<hr class=\"wp-block-cgb-block-ftr-product-section-line ftr-product-block-separator\" \/>\n\n\n\n<h4 class=\"wp-block-cgb-block-ftr-product-heading product-block-title\">Abmessungen<\/h4>\n\n\n\n<figure class=\"wp-block-table is-style-stripes\"><table><tbody><tr><td><strong>Material<\/strong><br>(Produkt Nr.)<\/td><td><strong>St\u00e4rke<\/strong><br>(mm)<\/td><td><strong>Breite<\/strong><br>(mm)<\/td><td><strong>L\u00e4nge<\/strong><br>(mm)<\/td><td><strong>Dichte<\/strong><br>(g\/cm\u00b2) <\/td><\/tr><tr><td> <strong>PET 2735<\/strong> <\/td><td> 1,3 &#8211; 1,8 <\/td><td> 100 &#8211; 1&nbsp;000 <\/td><td> 100 &#8211; 1&nbsp;500 <\/td><td> 1,4<\/td><\/tr><\/tbody><\/table><\/figure>\n\n\n\n<hr class=\"wp-block-cgb-block-ftr-product-section-line ftr-product-block-separator\" \/>\n\n\n\n<h4 class=\"wp-block-cgb-block-ftr-product-heading product-block-title\">Spezifikationen<\/h4>\n\n\n\n<div class=\"wp-block-columns is-layout-flex wp-container-core-columns-is-layout-2 wp-block-columns-is-layout-flex\">\n<div class=\"wp-block-column is-layout-flow wp-block-column-is-layout-flow\">\n<ul class=\"wp-block-list\">\n<li>Naturton.<\/li>\n\n\n\n<li>Die Unterlage hat abgerundete Ecken.<\/li>\n\n\n\n<li>Sie werden auch mit Design produziert (Sichtseite).<\/li>\n\n\n\n<li>Auf der Kehrseite sind sie mit gleitfreier Schicht versehen (mit gleitfreiem Lack).<\/li>\n<\/ul>\n<\/div>\n<\/div>\n\n\n\n<hr class=\"wp-block-cgb-block-ftr-product-section-line ftr-product-block-separator\" \/>\n\n\n\n<div class=\"row extras\"><div class=\"row contentrow downloads_bar\"><h3 class=\"four columns hcolor\">Zum Herunterladen<\/h3><div class=\"four columns\"><img decoding=\"async\" src=\"https:\/\/www.fatra-extruze.cz\/wp-content\/uploads\/sites\/5\/2018\/04\/katalog-fatra-folie-a-desky-pe-pet-evac.png\" alt=\"katalog\" class=\"katalog_img\"><ul class=\"selectlike\"><li rel=\"#\"><span class=\"select_title\">Prospekt Fatra PET-Platten 2026 2<\/span><ul class=\"options\"><li rel=\"https:\/\/www.fatra-extruze.cz\/wp-content\/uploads\/sites\/5\/2026\/02\/Prospekt-Fatra-PET-Platten-2026-2.pdf\" class=\"download_src src\">Prospekt Fatra PET-Platten 2026 2<\/li><\/ul><\/li><\/div><div class=\"four columns\"><a href=\"https:\/\/www.fatra-extruze.cz\/wp-content\/uploads\/sites\/5\/2026\/02\/Prospekt-Fatra-PET-Platten-2026-2.pdf\" class=\"button button-primary bgcolor download_button src_button u-pull-right\">Download<\/a><\/div><\/div><\/div>\n\n\n\n<hr class=\"wp-block-cgb-block-ftr-product-section-line ftr-product-block-separator\" \/>\n\n\n\n<h4 class=\"wp-block-cgb-block-ftr-product-heading product-block-title\">Kontakte<\/h4>\n\n\n\n<div class=\"wp-block-columns is-layout-flex wp-container-core-columns-is-layout-3 wp-block-columns-is-layout-flex\">\n<div class=\"wp-block-column is-layout-flow wp-block-column-is-layout-flow\">\n<p>Interessieren Sie sich f\u00fcr das o.a. Produkt, k\u00f6nnen Sie direkt die Handelsabteilung der Firma Fatra, a.s. kontaktieren:<\/p>\n<\/div>\n\n\n\n<div class=\"wp-block-column is-layout-flow wp-block-column-is-layout-flow\">\n<p><strong>Zuzana Gabrielova<\/strong><\/p>\n\n\n\n<p>Mobil: +420&nbsp;724&nbsp;405&nbsp;746<br>Email: <a href=\"mailto:zuzana.gabrielova@fatra.cz\">zuzana.gabrielova@fatra.cz<\/a><\/p>\n<\/div>\n<\/div>\n","protected":false},"excerpt":{"rendered":"<div class=\"six columns\">Die Platten werden durch Extrusion aus Poly\u00e4thylenglykolterephthalat gefertigt und sie dienen vor allem zum Schutz des Fu\u00dfbodens gegen Kratzer z.B. durch Rollstuhl im B\u00fcro sowohl im Haushalt. Die Platten kann ebenfalls als\u00a0Unterlagen unter Blument\u00f6pfen, Fressn\u00e4pfen usw. \u2013 sie sch\u00fctzen den Fu\u00dfboden gegen mechanische Besch\u00e4digungen und gegen Besch\u00e4digung mit Fl\u00fcssigkeiten verwendet.<\/div>\n<div class=\"six columns\"><img decoding=\"async\" src=\"https:\/\/www.fatra-extruze.cz\/wp-content\/uploads\/sites\/5\/2018\/04\/IMG_2354.jpg\" alt=\"Desky z PET\" \/><\/div>\n","protected":false},"featured_media":1827,"parent":0,"menu_order":5,"template":"","product_color":[],"product_use":[],"class_list":["post-458","product","type-product","status-publish","has-post-thumbnail","hentry"],"_links":{"self":[{"href":"https:\/\/www.fatra-extruze.cz\/de\/wp-json\/wp\/v2\/product\/458","targetHints":{"allow":["GET"]}}],"collection":[{"href":"https:\/\/www.fatra-extruze.cz\/de\/wp-json\/wp\/v2\/product"}],"about":[{"href":"https:\/\/www.fatra-extruze.cz\/de\/wp-json\/wp\/v2\/types\/product"}],"version-history":[{"count":0,"href":"https:\/\/www.fatra-extruze.cz\/de\/wp-json\/wp\/v2\/product\/458\/revisions"}],"wp:featuredmedia":[{"embeddable":true,"href":"https:\/\/www.fatra-extruze.cz\/de\/wp-json\/wp\/v2\/media\/1827"}],"wp:attachment":[{"href":"https:\/\/www.fatra-extruze.cz\/de\/wp-json\/wp\/v2\/media?parent=458"}],"wp:term":[{"taxonomy":"product_color","embeddable":true,"href":"https:\/\/www.fatra-extruze.cz\/de\/wp-json\/wp\/v2\/product_color?post=458"},{"taxonomy":"product_use","embeddable":true,"href":"https:\/\/www.fatra-extruze.cz\/de\/wp-json\/wp\/v2\/product_use?post=458"}],"curies":[{"name":"wp","href":"https:\/\/api.w.org\/{rel}","templated":true}]}}