{"id":478,"date":"2018-04-08T13:29:15","date_gmt":"2018-04-08T11:29:15","guid":{"rendered":"https:\/\/www.fatra-extruze.cz\/produkty\/vystrazne-folie\/"},"modified":"2026-02-27T07:37:21","modified_gmt":"2026-02-27T06:37:21","slug":"warnfolien","status":"publish","type":"product","link":"https:\/\/www.fatra-extruze.cz\/de\/produkty\/pe-pp-tpo-folien-und-platten\/warnfolien\/","title":{"rendered":"Warnfolien"},"content":{"rendered":"\n<h4 class=\"wp-block-cgb-block-ftr-product-heading product-block-title\">Abmessungen<\/h4>\n\n\n\n<figure class=\"wp-block-table is-style-regular\"><table><thead><tr><th class=\"has-text-align-center\" data-align=\"center\"><strong>Dicke<\/strong> <br>(mm)<\/th><th class=\"has-text-align-center\" data-align=\"center\"><strong>Breite<\/strong> <br>(mm)<\/th><th class=\"has-text-align-center\" data-align=\"center\">Foliem<strong>enge in der Rolle<\/strong><br>(m)<\/th><\/tr><\/thead><tbody><tr><td class=\"has-text-align-center\" data-align=\"center\">0,5 \/ 0,7 \/ 1,0 \/ 1,2 \/ 1,35 \/ 1,5 \u00b1 0,10<\/td><td class=\"has-text-align-center\" data-align=\"center\">90 \/ 180 \/ 190 \/ 220 \/ 250 \/ <br>320 \/ 330 \/ 1050 \u00b1 7<\/td><td class=\"has-text-align-center\" data-align=\"center\">50 &#8211; 150<\/td><\/tr><\/tbody><\/table><\/figure>\n\n\n\n<hr class=\"wp-block-cgb-block-ftr-product-section-line ftr-product-block-separator\" \/>\n\n\n\n<h4 class=\"wp-block-cgb-block-ftr-product-heading product-block-title\">Farbpalette<\/h4>\n\n\n\n<p>Die Folien werden in einer breiten Farbpalette hergestellt: orange, rot, blau, wei\u00df, gelb, gr\u00fcn, braun, schwarz und grau, wodurch Sicherheit und Sichtbarkeit bei Infrastrukturprojekten gew\u00e4hrleistet sind. Es besteht auch die M\u00f6glichkeit der individuellen Farbanpassung.<\/p>\n\n\n\n<figure class=\"wp-block-image size-large\"><img loading=\"lazy\" decoding=\"async\" width=\"1024\" height=\"218\" src=\"https:\/\/www.fatra-extruze.cz\/wp-content\/uploads\/sites\/5\/2018\/04\/BARVY-1024x218.jpg\" alt=\"\" class=\"wp-image-3006\" srcset=\"https:\/\/www.fatra-extruze.cz\/wp-content\/uploads\/sites\/5\/2018\/04\/BARVY-1024x218.jpg 1024w, https:\/\/www.fatra-extruze.cz\/wp-content\/uploads\/sites\/5\/2018\/04\/BARVY-300x64.jpg 300w, https:\/\/www.fatra-extruze.cz\/wp-content\/uploads\/sites\/5\/2018\/04\/BARVY-768x163.jpg 768w, https:\/\/www.fatra-extruze.cz\/wp-content\/uploads\/sites\/5\/2018\/04\/BARVY-825x175.jpg 825w, https:\/\/www.fatra-extruze.cz\/wp-content\/uploads\/sites\/5\/2018\/04\/BARVY-960x204.jpg 960w, https:\/\/www.fatra-extruze.cz\/wp-content\/uploads\/sites\/5\/2018\/04\/BARVY.jpg 1497w\" sizes=\"auto, (max-width: 1024px) 100vw, 1024px\" \/><\/figure>\n\n\n\n<hr class=\"wp-block-cgb-block-ftr-product-section-line ftr-product-block-separator\" \/>\n\n\n\n<h4 class=\"wp-block-cgb-block-ftr-product-heading product-block-title\">Spezifikationen<\/h4>\n\n\n\n<p>Optional Design:<\/p>\n\n\n\n<ul class=\"wp-block-list\">\n<li>Farbige Ausf\u00fchrung \u2013 die Standardfarbe ist Rot, weitere Farben gem\u00e4\u00df Kundenwunsch.<\/li>\n\n\n\n<li>Ausf\u00fchrung \u2013 glatt oder Design.<\/li>\n\n\n\n<li>Die M\u00f6glichkeit der Mikroperforation (mit Mikrol\u00f6chern von ca. 10&nbsp;000 L\u00f6chern\/m<sup>2<\/sup>).<\/li>\n\n\n\n<li>Folien bieten kann Tintenstrahldruck oder Stanzen Thema (z. B. Flash).<\/li>\n<\/ul>\n\n\n\n<hr class=\"wp-block-cgb-block-ftr-product-section-line ftr-product-block-separator\" \/>\n\n\n\n<h4 class=\"wp-block-cgb-block-ftr-product-heading product-block-title\">Fotogallerie<\/h4>\n\n\n\n<figure class=\"wp-block-gallery has-nested-images columns-3 is-cropped wp-block-gallery-2 is-layout-flex wp-block-gallery-is-layout-flex\">\n<figure class=\"wp-block-image size-large\"><img loading=\"lazy\" decoding=\"async\" width=\"800\" height=\"533\" data-id=\"792\" src=\"https:\/\/www.fatra-extruze.cz\/wp-content\/uploads\/sites\/5\/2018\/04\/34SV-v\u00fdstra\u017e.folie_.jpg\" alt=\"\" class=\"wp-image-792\" srcset=\"https:\/\/www.fatra-extruze.cz\/wp-content\/uploads\/sites\/5\/2018\/04\/34SV-v\u00fdstra\u017e.folie_.jpg 800w, https:\/\/www.fatra-extruze.cz\/wp-content\/uploads\/sites\/5\/2018\/04\/34SV-v\u00fdstra\u017e.folie_-300x200.jpg 300w, https:\/\/www.fatra-extruze.cz\/wp-content\/uploads\/sites\/5\/2018\/04\/34SV-v\u00fdstra\u017e.folie_-768x512.jpg 768w, https:\/\/www.fatra-extruze.cz\/wp-content\/uploads\/sites\/5\/2018\/04\/34SV-v\u00fdstra\u017e.folie_-450x300.jpg 450w\" sizes=\"auto, (max-width: 800px) 100vw, 800px\" \/><figcaption class=\"wp-element-caption\">Fatra Warnfolie<\/figcaption><\/figure>\n\n\n\n<figure class=\"wp-block-image size-large\"><img loading=\"lazy\" decoding=\"async\" width=\"800\" height=\"533\" data-id=\"856\" src=\"https:\/\/www.fatra-extruze.cz\/wp-content\/uploads\/sites\/5\/2018\/04\/IMG_8900.jpg\" alt=\"\" class=\"wp-image-856\" srcset=\"https:\/\/www.fatra-extruze.cz\/wp-content\/uploads\/sites\/5\/2018\/04\/IMG_8900.jpg 800w, https:\/\/www.fatra-extruze.cz\/wp-content\/uploads\/sites\/5\/2018\/04\/IMG_8900-300x200.jpg 300w, https:\/\/www.fatra-extruze.cz\/wp-content\/uploads\/sites\/5\/2018\/04\/IMG_8900-768x512.jpg 768w, https:\/\/www.fatra-extruze.cz\/wp-content\/uploads\/sites\/5\/2018\/04\/IMG_8900-450x300.jpg 450w\" sizes=\"auto, (max-width: 800px) 100vw, 800px\" \/><figcaption class=\"wp-element-caption\">Warnfolie \u2013 Detail \u2013 Flash<\/figcaption><\/figure>\n\n\n\n<figure class=\"wp-block-image size-large\"><img loading=\"lazy\" decoding=\"async\" width=\"800\" height=\"534\" data-id=\"555\" src=\"https:\/\/www.fatra-extruze.cz\/wp-content\/uploads\/sites\/5\/2018\/04\/SV-v\u00fdstra\u017e.folie-2-e1524574358833.jpg\" alt=\"\" class=\"wp-image-555\" srcset=\"https:\/\/www.fatra-extruze.cz\/wp-content\/uploads\/sites\/5\/2018\/04\/SV-v\u00fdstra\u017e.folie-2-e1524574358833.jpg 800w, https:\/\/www.fatra-extruze.cz\/wp-content\/uploads\/sites\/5\/2018\/04\/SV-v\u00fdstra\u017e.folie-2-e1524574358833-300x200.jpg 300w, https:\/\/www.fatra-extruze.cz\/wp-content\/uploads\/sites\/5\/2018\/04\/SV-v\u00fdstra\u017e.folie-2-e1524574358833-768x513.jpg 768w, https:\/\/www.fatra-extruze.cz\/wp-content\/uploads\/sites\/5\/2018\/04\/SV-v\u00fdstra\u017e.folie-2-e1524574358833-449x300.jpg 449w\" sizes=\"auto, (max-width: 800px) 100vw, 800px\" \/><figcaption class=\"wp-element-caption\">Warnfolie im Graben<\/figcaption><\/figure>\n\n\n\n<figure class=\"wp-block-image size-large\"><img loading=\"lazy\" decoding=\"async\" width=\"800\" height=\"507\" data-id=\"479\" src=\"https:\/\/www.fatra-extruze.cz\/wp-content\/uploads\/sites\/5\/2018\/04\/FOL-1231-e1524574394831.jpg\" alt=\"\" class=\"wp-image-479\" \/><figcaption class=\"wp-element-caption\">Warnfolie im Graben 2<\/figcaption><\/figure>\n\n\n\n<figure class=\"wp-block-image size-large\"><img loading=\"lazy\" decoding=\"async\" width=\"800\" height=\"533\" data-id=\"557\" src=\"https:\/\/www.fatra-extruze.cz\/wp-content\/uploads\/sites\/5\/2018\/04\/FOL-1231_1.jpg\" alt=\"\" class=\"wp-image-557\" srcset=\"https:\/\/www.fatra-extruze.cz\/wp-content\/uploads\/sites\/5\/2018\/04\/FOL-1231_1.jpg 800w, https:\/\/www.fatra-extruze.cz\/wp-content\/uploads\/sites\/5\/2018\/04\/FOL-1231_1-300x200.jpg 300w, https:\/\/www.fatra-extruze.cz\/wp-content\/uploads\/sites\/5\/2018\/04\/FOL-1231_1-768x512.jpg 768w, https:\/\/www.fatra-extruze.cz\/wp-content\/uploads\/sites\/5\/2018\/04\/FOL-1231_1-450x300.jpg 450w\" sizes=\"auto, (max-width: 800px) 100vw, 800px\" \/><figcaption class=\"wp-element-caption\">Warnfolie im Graben 3<\/figcaption><\/figure>\n\n\n\n<figure class=\"wp-block-image size-large\"><img loading=\"lazy\" decoding=\"async\" width=\"800\" height=\"533\" data-id=\"1295\" src=\"https:\/\/www.fatra-extruze.cz\/wp-content\/uploads\/sites\/5\/2019\/05\/Mechanizovan\u00e1-pokl\u00e1dka-v\u00fdstra\u017en\u00e9-f\u00f3lie-pluhov\u00e1n\u00edm.jpg\" alt=\"\" class=\"wp-image-1295\" srcset=\"https:\/\/www.fatra-extruze.cz\/wp-content\/uploads\/sites\/5\/2019\/05\/Mechanizovan\u00e1-pokl\u00e1dka-v\u00fdstra\u017en\u00e9-f\u00f3lie-pluhov\u00e1n\u00edm.jpg 800w, https:\/\/www.fatra-extruze.cz\/wp-content\/uploads\/sites\/5\/2019\/05\/Mechanizovan\u00e1-pokl\u00e1dka-v\u00fdstra\u017en\u00e9-f\u00f3lie-pluhov\u00e1n\u00edm-300x200.jpg 300w, https:\/\/www.fatra-extruze.cz\/wp-content\/uploads\/sites\/5\/2019\/05\/Mechanizovan\u00e1-pokl\u00e1dka-v\u00fdstra\u017en\u00e9-f\u00f3lie-pluhov\u00e1n\u00edm-768x512.jpg 768w, https:\/\/www.fatra-extruze.cz\/wp-content\/uploads\/sites\/5\/2019\/05\/Mechanizovan\u00e1-pokl\u00e1dka-v\u00fdstra\u017en\u00e9-f\u00f3lie-pluhov\u00e1n\u00edm-450x300.jpg 450w\" sizes=\"auto, (max-width: 800px) 100vw, 800px\" \/><figcaption class=\"wp-element-caption\">Mechanisierte Warnfolienverlegung durch Pfl\u00fcgen<\/figcaption><\/figure>\n<\/figure>\n\n\n\n<hr class=\"wp-block-cgb-block-ftr-product-section-line ftr-product-block-separator\" \/>\n\n\n<div class=\"row extras\"><div class=\"row contentrow downloads_bar\"><h3 class=\"four columns hcolor\">Zum Herunterladen<\/h3><div class=\"four columns\"><img decoding=\"async\" src=\"https:\/\/www.fatra-extruze.cz\/wp-content\/uploads\/sites\/5\/2018\/04\/katalog-fatra-folie-a-desky-pe-pet-evac.png\" alt=\"katalog\" class=\"katalog_img\"><ul class=\"selectlike\"><li rel=\"#\"><span class=\"select_title\">Prospekt Fatra Warnfolie 2026 2<\/span><ul class=\"options\"><li rel=\"https:\/\/www.fatra-extruze.cz\/wp-content\/uploads\/sites\/5\/2026\/02\/Prospekt-Fatra-Warnfolie-2026-2.pdf\" class=\"download_src src\">Prospekt Fatra Warnfolie 2026 2<\/li><\/ul><\/li><\/div><div class=\"four columns\"><a href=\"https:\/\/www.fatra-extruze.cz\/wp-content\/uploads\/sites\/5\/2026\/02\/Prospekt-Fatra-Warnfolie-2026-2.pdf\" class=\"button button-primary bgcolor download_button src_button u-pull-right\">Download<\/a><\/div><\/div><\/div>\n\n\n<hr class=\"wp-block-cgb-block-ftr-product-section-line ftr-product-block-separator\" \/>\n\n\n\n<h4 class=\"wp-block-cgb-block-ftr-product-heading product-block-title\">Kontakte<\/h4>\n\n\n\n<div class=\"wp-block-columns is-layout-flex wp-container-core-columns-is-layout-1 wp-block-columns-is-layout-flex\">\n<div class=\"wp-block-column is-layout-flow wp-block-column-is-layout-flow\">\n<p>Interessieren Sie sich f\u00fcr das o.a. Produkt, k\u00f6nnen Sie direkt die Handelsabteilung der Firma Fatra, a.s. kontaktieren:<\/p>\n<\/div>\n\n\n\n<div class=\"wp-block-column is-layout-flow wp-block-column-is-layout-flow\">\n<p><strong>Zuzana Gabrielova<\/strong><\/p>\n\n\n\n<p>Mobil: +420&nbsp;724&nbsp;405&nbsp;746<br>Email: <a href=\"mailto:zuzana.gabrielova@fatra.cz\">zuzana.gabrielova@fatra.cz<\/a><\/p>\n<\/div>\n<\/div>\n\n\n\n<p><\/p>\n","protected":false},"excerpt":{"rendered":"<div class=\"six columns\">\n<p><span class=\"s1\">Die Warnfolie LDPE 1231 wird aus PE-LD (Polyethylen) im Extrusionsverfahren hergestellt. Sie wird in verschiedenen Farben, mit ein- oder beidseitigem Design, mit oder ohne Mikroperforation hergestellt.<br \/>\nSie dient zur Markierung und Kennzeichnung von Kabeltrassen und anderen Leitungen, die in Baugruben etc. verlegt sind. Diese Folien bieten keinen mechanischen Schutz f\u00fcr diese Netze. F\u00fcr die Markierung von unterirdischen Leitungen muss immer eine perforierte Folie verwendet werden, um die Ansammlung von Sickerwasser zu verhindern. Die Folie kann im Tintenstrahldruckverfahren bedruckt oder mit einem mit dem Kunden vereinbarten Motiv (z.B. Blitz) geschnitten werden).<\/span><\/p>\n<\/div>\n<div class=\"six columns\"><a href=\"https:\/\/www.fatra-extruze.cz\/wp-content\/uploads\/sites\/5\/2018\/04\/vystrazna_folie_rez.jpg\"><img loading=\"lazy\" decoding=\"async\" class=\"alignnone wp-image-170 size-full\" src=\"https:\/\/www.fatra-extruze.cz\/wp-content\/uploads\/sites\/5\/2018\/04\/vystrazna_folie_rez.jpg\" alt=\"\" width=\"800\" height=\"534\" \/><\/a><\/div>\n","protected":false},"featured_media":480,"parent":2822,"menu_order":2,"template":"","product_color":[],"product_use":[24,35,25],"class_list":["post-478","product","type-product","status-publish","has-post-thumbnail","hentry","product_use-bauwesen","product_use-elektroindustrie","product_use-technische-zwecke"],"_links":{"self":[{"href":"https:\/\/www.fatra-extruze.cz\/de\/wp-json\/wp\/v2\/product\/478","targetHints":{"allow":["GET"]}}],"collection":[{"href":"https:\/\/www.fatra-extruze.cz\/de\/wp-json\/wp\/v2\/product"}],"about":[{"href":"https:\/\/www.fatra-extruze.cz\/de\/wp-json\/wp\/v2\/types\/product"}],"version-history":[{"count":0,"href":"https:\/\/www.fatra-extruze.cz\/de\/wp-json\/wp\/v2\/product\/478\/revisions"}],"up":[{"embeddable":true,"href":"https:\/\/www.fatra-extruze.cz\/de\/wp-json\/wp\/v2\/product\/2822"}],"wp:featuredmedia":[{"embeddable":true,"href":"https:\/\/www.fatra-extruze.cz\/de\/wp-json\/wp\/v2\/media\/480"}],"wp:attachment":[{"href":"https:\/\/www.fatra-extruze.cz\/de\/wp-json\/wp\/v2\/media?parent=478"}],"wp:term":[{"taxonomy":"product_color","embeddable":true,"href":"https:\/\/www.fatra-extruze.cz\/de\/wp-json\/wp\/v2\/product_color?post=478"},{"taxonomy":"product_use","embeddable":true,"href":"https:\/\/www.fatra-extruze.cz\/de\/wp-json\/wp\/v2\/product_use?post=478"}],"curies":[{"name":"wp","href":"https:\/\/api.w.org\/{rel}","templated":true}]}}