{"id":494,"date":"2018-04-08T13:28:32","date_gmt":"2018-04-08T11:28:32","guid":{"rendered":"https:\/\/www.fatra-extruze.cz\/kontakt\/"},"modified":"2026-02-27T07:35:19","modified_gmt":"2026-02-27T06:35:19","slug":"contact","status":"publish","type":"page","link":"https:\/\/www.fatra-extruze.cz\/en\/contact\/","title":{"rendered":"Contact"},"content":{"rendered":"<h3>CONTACTS \u2013 SALES<\/h3>\n<table class=\"u-full-width\">\n<thead>\n<tr>\n<th><\/th>\n<th><\/th>\n<th><\/th>\n<\/tr>\n<\/thead>\n<tbody>\n<tr>\n<td><\/td>\n<td><\/td>\n<td><strong>Zuzana Gabrielova<\/strong><br \/>\nMobil: +420&nbsp;724&nbsp;405\u00a0746<br \/>\nEmail: <a href=\"mailto:zuzana.gabrielova@fatra.cz\">zuzana.gabrielova@fatra.cz<\/a><\/td>\n<\/tr>\n<\/tbody>\n<\/table>\n<div class=\"row contentrow\">\n<div class=\"row contentrow\">\n<div class=\"six columns\">\n<h3>Napajedla plant<\/h3>\n<p><strong>Fatra, a.s.<br \/>\n<\/strong>t\u0159\u00edda Tom\u00e1\u0161e Bati 1541<br \/>\n763&nbsp;61 Napajedla<br \/>\nCzech Republic<\/p>\n<p>Tel.: +420&nbsp;577&nbsp;501&nbsp;111<br \/>\nFax: +420&nbsp;577&nbsp;503&nbsp;001<br \/>\nEmail: <a href=\"mailto:info@fatra.cz\" target=\"_blank\" rel=\"noopener noreferrer\">info@fatra.cz<\/a><\/p>\n<p>I\u010cO: 27465021<br \/>\nDI\u010c: CZ27465021<\/p>\n<\/div>\n<div class=\"six columns\"><iframe loading=\"lazy\" style=\"border: 0\" src=\"https:\/\/www.google.com\/maps\/embed?pb=!4v1529056503632!6m8!1m7!1sW90EKom8wAr4QOKbqr-z6Q!2m2!1d49.16984398570177!2d17.50700055048881!3f277.35236!4f0!5f0.7820865974627469\" width=\"300\" height=\"400\" frameborder=\"0\" allowfullscreen=\"allowfullscreen\"><\/iframe><\/div>\n<\/div>\n<div class=\"row contentrow\">\n<div class=\"six columns\">\n<h3>Chropyn\u011b plant<\/h3>\n<p><strong>Fatra, a.s. &#8211;\u00a0Chropyn\u011b plant<\/strong><br \/>\nKomensk\u00e9ho 75<br \/>\n768&nbsp;11 Chropyn\u011b<\/p>\n<\/div>\n<div class=\"six columns\"><iframe loading=\"lazy\" style=\"border: 0\" src=\"https:\/\/www.google.com\/maps\/embed?pb=!4v1529056586936!6m8!1m7!1ssqy-ixuV_4Ol_OwFZ1TWBA!2m2!1d49.35736340584104!2d17.37059158575446!3f352.75455!4f0!5f0.7820865974627469\" width=\"300\" height=\"400\" frameborder=\"0\" allowfullscreen=\"allowfullscreen\"><\/iframe><\/div>\n<\/div>\n<div class=\"row contentrow\">\n<div class=\"twelve columns\">\u00a0Fatra, a.s.\u00a0has been registered in the Companies Register at the Regional Court in Brno, Part B, Insert 4598, * part of the AGROFERT Group.<\/div>\n<\/div>\n<div><\/div>\n<\/div>\n","protected":false},"excerpt":{"rendered":"<p>CONTACTS \u2013 SALES Zuzana Gabrielova Mobil: +420&nbsp;724&nbsp;405\u00a0746 Email: zuzana.gabrielova@fatra.cz Napajedla plant Fatra, a.s. t\u0159\u00edda Tom\u00e1\u0161e Bati 1541&nbsp;763&nbsp;61 Napajedla Czech Republic Tel.: +420&nbsp;577&nbsp;501&nbsp;111 Fax: +420&nbsp;577&nbsp;503&nbsp;001 Email: info@fatra.cz I\u010cO: 27465021 DI\u010c: CZ27465021 Chropyn\u011b plant Fatra, a.s. &#8211;\u00a0Chropyn\u011b plant Komensk\u00e9ho 75&nbsp;768&nbsp;11 Chropyn\u011b \u00a0Fatra, a.s.\u00a0has been registered in the Companies Register at the Regional Court in Brno, [&hellip;]<\/p>\n","protected":false},"author":1,"featured_media":495,"parent":0,"menu_order":0,"comment_status":"closed","ping_status":"closed","template":"header_map.php","meta":{"footnotes":""},"class_list":["post-494","page","type-page","status-publish","has-post-thumbnail","hentry"],"_links":{"self":[{"href":"https:\/\/www.fatra-extruze.cz\/en\/wp-json\/wp\/v2\/pages\/494","targetHints":{"allow":["GET"]}}],"collection":[{"href":"https:\/\/www.fatra-extruze.cz\/en\/wp-json\/wp\/v2\/pages"}],"about":[{"href":"https:\/\/www.fatra-extruze.cz\/en\/wp-json\/wp\/v2\/types\/page"}],"author":[{"embeddable":true,"href":"https:\/\/www.fatra-extruze.cz\/en\/wp-json\/wp\/v2\/users\/1"}],"replies":[{"embeddable":true,"href":"https:\/\/www.fatra-extruze.cz\/en\/wp-json\/wp\/v2\/comments?post=494"}],"version-history":[{"count":0,"href":"https:\/\/www.fatra-extruze.cz\/en\/wp-json\/wp\/v2\/pages\/494\/revisions"}],"wp:featuredmedia":[{"embeddable":true,"href":"https:\/\/www.fatra-extruze.cz\/en\/wp-json\/wp\/v2\/media\/495"}],"wp:attachment":[{"href":"https:\/\/www.fatra-extruze.cz\/en\/wp-json\/wp\/v2\/media?parent=494"}],"curies":[{"name":"wp","href":"https:\/\/api.w.org\/{rel}","templated":true}]}}